{"id":141,"date":"2023-08-22T16:44:24","date_gmt":"2023-08-22T14:44:24","guid":{"rendered":"http:\/\/grosse-consulting.de\/?page_id=141"},"modified":"2024-02-16T20:13:23","modified_gmt":"2024-02-16T18:13:23","slug":"references","status":"publish","type":"page","link":"https:\/\/grosse-consulting.de\/de\/references\/","title":{"rendered":"Referenzen"},"content":{"rendered":"<div class=\"wp-block-group is-layout-constrained wp-block-group-is-layout-constrained\"><div class=\"wp-block-group__inner-container\">\n<pre class=\"wp-block-verse\"><strong>Leitung einer Sicherheitsanalyse f\u00fcr einen neuen Produktionsstandort der Wacker Chemie AG, Deutschland<\/strong>\n\nAm Standort Burghausen wird eine Fabrik zur Herstellung von Halbleitern errichtet. Herr Grosse hat die Moderation der Sicherheitsgespr\u00e4che f\u00fcr die Kernprozessschritte \"S\u00e4ureversorgung und \u00c4tzen \u00fcbernommen. Sicherheitstechnisch ist neben der komplexen Prozessf\u00fchrung vor allem die Auswahl von richtigen Materialien ein entscheidender Aspekt . Herr Grosse hat die an ihn gesetzten Erwartungen weit \u00fcbertroffen. Nur durch seine herausragenden fachlichen und menschlichen Kompetenzen konnte ein termingerechter Abschluss der Sicherheitsgespr\u00e4che gew\u00e4hrleistet werden.\n<strong>Stefan Pleintinger, Projektmanager S\u00e4ureversorgung und \u00c4tzprozesse, Wacker Chemie AG<\/strong>\n<\/pre>\n<\/div><\/div>\n\n\n\n<figure class=\"wp-block-image size-large\"><img loading=\"lazy\" decoding=\"async\" width=\"1024\" height=\"679\" src=\"http:\/\/grosse-consulting.de\/wp-content\/uploads\/2024\/02\/GS-2023-GRI-1024x679.png\" alt=\"\" class=\"wp-image-323\" srcset=\"https:\/\/grosse-consulting.de\/wp-content\/uploads\/2024\/02\/GS-2023-GRI-1024x679.png 1024w, https:\/\/grosse-consulting.de\/wp-content\/uploads\/2024\/02\/GS-2023-GRI-300x199.png 300w, https:\/\/grosse-consulting.de\/wp-content\/uploads\/2024\/02\/GS-2023-GRI-768x509.png 768w, https:\/\/grosse-consulting.de\/wp-content\/uploads\/2024\/02\/GS-2023-GRI-1536x1018.png 1536w, https:\/\/grosse-consulting.de\/wp-content\/uploads\/2024\/02\/GS-2023-GRI-2048x1358.png 2048w, https:\/\/grosse-consulting.de\/wp-content\/uploads\/2024\/02\/GS-2023-GRI-18x12.png 18w\" sizes=\"(max-width: 1024px) 100vw, 1024px\" \/><\/figure>\n\n\n\n<pre class=\"wp-block-verse\">Die German Safety Days 2023 wurden von den Veranstaltern PROTEGO, LESER und REMBE in Brilon auf dem Firmengel\u00e4nde von REMBE ausgetragen. Oliver Grosse hat auf Wunsch der LESER GmbH auf den German Safety Day 2023 an der Podiumsdiskussion teilgenommen und zum Stand der Energiewende und den damit verbundenen globalen Herausforderungen im Anlagenbau sowie der Gase Industrie gesprochen.\n<strong>Dirk Michalowski, Verkaufsleiter Deutschland bei LESER GmbH &amp; Co. KG<\/strong>\n<\/pre>\n\n\n\n<figure class=\"wp-block-image size-large\"><img loading=\"lazy\" decoding=\"async\" width=\"768\" height=\"1024\" src=\"http:\/\/grosse-consulting.de\/wp-content\/uploads\/2024\/02\/IMG_6065-1-768x1024.jpg\" alt=\"\" class=\"wp-image-330\" srcset=\"https:\/\/grosse-consulting.de\/wp-content\/uploads\/2024\/02\/IMG_6065-1-768x1024.jpg 768w, https:\/\/grosse-consulting.de\/wp-content\/uploads\/2024\/02\/IMG_6065-1-225x300.jpg 225w, https:\/\/grosse-consulting.de\/wp-content\/uploads\/2024\/02\/IMG_6065-1-1152x1536.jpg 1152w, https:\/\/grosse-consulting.de\/wp-content\/uploads\/2024\/02\/IMG_6065-1-1536x2048.jpg 1536w, https:\/\/grosse-consulting.de\/wp-content\/uploads\/2024\/02\/IMG_6065-1-9x12.jpg 9w, https:\/\/grosse-consulting.de\/wp-content\/uploads\/2024\/02\/IMG_6065-1-scaled.jpg 1920w\" sizes=\"(max-width: 768px) 100vw, 768px\" \/><\/figure>\n\n\n\n<pre class=\"wp-block-verse\">Oliver Grosse hat auf dem EIGA Winter Summit 2024 im Namen der Linde GmbH \u00fcber den Stand der Prozess Sicherheit von Alkaline und PEM Elektrolysen informiert.\n<strong>Die Veranstaltung wurde vom Europ\u00e4ischen Industriegaseverband (EIGA) in Antwerpen ausgerichtet.<\/strong><\/pre>\n\n\n\n<pre class=\"wp-block-verse\"><strong>Leitung eines Cybersicherheitsaudits f\u00fcr einen deutschen Standort der Linde GmbH zur Herstellung von Luftgasen<\/strong>\nDie Linde GmbH betreibt eine Vielzahl von Gaseproduktions-, Speicher- und Verteilungsanlagen in Deutschland. Herr Grosse unterst\u00fctzt unsere Anlagen regelm\u00e4\u00dfig bei der Bearbeitung verschiedener Spezialthemen mit sicherheitstechnischem Hintergrund. Beispiele sind die Moderation von HAZOP-Analysen und SIL - Studien, Sicherheitsbetrachtungen in Bezug auf die Anlageninstallation oder Brand- und Explosionsschutz. Eine unserer Herausforderungen war die Erstellung eines IT\/OT-Cyber-Security-Assessments. Herr Grosse leitete sehr erfolgreich ein multifunktionales Team bestehend aus Betriebsleitern, IT\/OT-Experten, Prozesssicherheitsexperten und externen Experten. Nicht zuletzt aufgrund seiner sehr vielseitigen und positiven Kompetenzen verlief unser Projekt im Zeitplan und sicherte so die zuk\u00fcnftige Produktion unseres Betriebes.\n<strong><em>Linde GmbH, Linde Gases Division<\/em>, <em>St\u00f6rfallbeauftragter<\/em>, <em>Joachim Richter<\/em><\/strong>\n<\/pre>","protected":false},"excerpt":{"rendered":"<p>Leading a Safety Review for a new Production Site of the Wacker Chemie AG, Germany A new factory for the production of semiconductors is being built at the Burghausen site. Mr. Grosse has taken over the moderation of the safety discussions for the core process steps &#8220;acid supply and etching. In addition to the complex [&hellip;]<\/p>\n","protected":false},"author":1,"featured_media":0,"parent":0,"menu_order":0,"comment_status":"closed","ping_status":"closed","template":"home-panels.php","meta":{"footnotes":""},"_links":{"self":[{"href":"https:\/\/grosse-consulting.de\/de\/wp-json\/wp\/v2\/pages\/141"}],"collection":[{"href":"https:\/\/grosse-consulting.de\/de\/wp-json\/wp\/v2\/pages"}],"about":[{"href":"https:\/\/grosse-consulting.de\/de\/wp-json\/wp\/v2\/types\/page"}],"author":[{"embeddable":true,"href":"https:\/\/grosse-consulting.de\/de\/wp-json\/wp\/v2\/users\/1"}],"replies":[{"embeddable":true,"href":"https:\/\/grosse-consulting.de\/de\/wp-json\/wp\/v2\/comments?post=141"}],"version-history":[{"count":12,"href":"https:\/\/grosse-consulting.de\/de\/wp-json\/wp\/v2\/pages\/141\/revisions"}],"predecessor-version":[{"id":335,"href":"https:\/\/grosse-consulting.de\/de\/wp-json\/wp\/v2\/pages\/141\/revisions\/335"}],"wp:attachment":[{"href":"https:\/\/grosse-consulting.de\/de\/wp-json\/wp\/v2\/media?parent=141"}],"curies":[{"name":"wp","href":"https:\/\/api.w.org\/{rel}","templated":true}]}}